{"id":20,"date":"2022-06-23T02:00:24","date_gmt":"2022-06-23T02:00:24","guid":{"rendered":"https:\/\/radioformuladigital.com\/?page_id=20"},"modified":"2025-09-19T19:34:41","modified_gmt":"2025-09-19T19:34:41","slug":"inicio","status":"publish","type":"page","link":"https:\/\/ministerioradialadventista.com\/","title":{"rendered":"Inicio"},"content":{"rendered":"\n<h2 class=\"wp-block-heading has-text-align-center\">Sobre Nosotros<\/h2>\n\n\n\n<p class=\"has-text-align-center\">El Ministerio Radial Adventista fue creado por los Hermanos Jorge Centeno y Gregorio Gallegos con el unico propocito de exaltar a traves de la musica Cristiana el nombre de nuestro se\u00f1or Jesucristo<\/p>\n\n\n\n<iframe loading=\"lazy\" width=\"100%\" height=\"330\" src=\"https:\/\/sd1.puroradio.net:2020\/AudioPlayer\/ministerioradialadventista?mount=&#038;\" border=\"0\" style=\"border: 0;\"><\/iframe>\n\n\n<div class=\"wp-block-image\">\n<figure class=\"aligncenter size-full\"><img loading=\"lazy\" decoding=\"async\" width=\"720\" height=\"702\" src=\"https:\/\/ministerioradialadventista.com\/wp-content\/uploads\/2024\/06\/Screenshot_20240615_162256_Video-Player.jpg\" alt=\"\" class=\"wp-image-79\" srcset=\"https:\/\/ministerioradialadventista.com\/wp-content\/uploads\/2024\/06\/Screenshot_20240615_162256_Video-Player.jpg 720w, https:\/\/ministerioradialadventista.com\/wp-content\/uploads\/2024\/06\/Screenshot_20240615_162256_Video-Player-300x293.jpg 300w\" sizes=\"auto, (max-width: 720px) 100vw, 720px\" \/><\/figure>\n<\/div>\n\n\n<figure class=\"wp-block-video aligncenter\"><video height=\"576\" style=\"aspect-ratio: 1024 \/ 576;\" width=\"1024\" controls src=\"https:\/\/ministerioradialadventista.com\/wp-content\/uploads\/2024\/06\/VIDEO-DESCARGA-APP-2-3-1.mp4\"><\/video><\/figure>\n\n\n\n<h2 class=\"wp-block-heading has-text-align-center\"><strong>Ayudanos a crecer baje y comparte nuestra aplicaci\u00f3n<\/strong>!<\/h2>\n\n\n\n<p class=\"has-text-align-center\">Haga clic abajo para descargar!<\/p>\n\n\n<div class=\"wp-block-image\">\n<figure class=\"aligncenter size-full is-resized\"><a href=\"https:\/\/play.google.com\/store\/apps\/details?id=com.radioformuladigital\"><img loading=\"lazy\" decoding=\"async\" width=\"270\" height=\"80\" src=\"https:\/\/ministerioradialadventista.com\/wp-content\/uploads\/2024\/06\/GetItOnGooglePlay_Badge_Web_color_Spanish.png\" alt=\"\" class=\"wp-image-86\" style=\"width:135px;height:auto\"\/><\/a><\/figure>\n<\/div>\n\n\n<h2 class=\"wp-block-heading has-text-align-center\">Instruye al ni\u00f1o en su camino, Y aun cuando fuere viejo no se aprtara de el.<\/h2>\n\n\n\n<div class=\"wp-block-group\"><div class=\"wp-block-group__inner-container is-layout-constrained wp-block-group-is-layout-constrained\">\n<div class=\"wp-block-columns is-layout-flex wp-container-core-columns-is-layout-9d6595d7 wp-block-columns-is-layout-flex\">\n<div class=\"wp-block-column is-layout-flow wp-block-column-is-layout-flow\" style=\"flex-basis:100%\">\n<p class=\"has-text-align-center\">Proverbios 22:6<\/p>\n\n\n\n<div class=\"wp-block-group\"><div class=\"wp-block-group__inner-container is-layout-constrained wp-block-group-is-layout-constrained\">\n<div class=\"wp-block-columns is-layout-flex wp-container-core-columns-is-layout-9d6595d7 wp-block-columns-is-layout-flex\">\n<div class=\"wp-block-column is-layout-flow wp-block-column-is-layout-flow\" style=\"flex-basis:100%\">\n<div class=\"wp-block-group\"><div class=\"wp-block-group__inner-container is-layout-constrained wp-block-group-is-layout-constrained\">\n<div class=\"wp-block-cover is-light\"><span aria-hidden=\"true\" class=\"wp-block-cover__background has-background-dim\" style=\"background-color:#7b7064\"><\/span><div class=\"wp-block-cover__inner-container is-layout-flow wp-block-cover-is-layout-flow\">\n<div class=\"wp-block-group\"><div class=\"wp-block-group__inner-container is-layout-constrained wp-block-group-is-layout-constrained\">\n<div class=\"wp-block-group\"><div class=\"wp-block-group__inner-container is-layout-constrained wp-block-group-is-layout-constrained\">\n<figure class=\"wp-block-image size-large\"><img loading=\"lazy\" decoding=\"async\" width=\"768\" height=\"1024\" src=\"https:\/\/ministerioradialadventista.com\/wp-content\/uploads\/2024\/06\/imresizer-1718490493051-768x1024.jpg\" alt=\"\" class=\"wp-image-111\" srcset=\"https:\/\/ministerioradialadventista.com\/wp-content\/uploads\/2024\/06\/imresizer-1718490493051-768x1024.jpg 768w, https:\/\/ministerioradialadventista.com\/wp-content\/uploads\/2024\/06\/imresizer-1718490493051-225x300.jpg 225w, https:\/\/ministerioradialadventista.com\/wp-content\/uploads\/2024\/06\/imresizer-1718490493051-1152x1536.jpg 1152w, https:\/\/ministerioradialadventista.com\/wp-content\/uploads\/2024\/06\/imresizer-1718490493051-1536x2048.jpg 1536w, https:\/\/ministerioradialadventista.com\/wp-content\/uploads\/2024\/06\/imresizer-1718490493051-scaled.jpg 1920w\" sizes=\"auto, (max-width: 768px) 100vw, 768px\" \/><\/figure>\n\n\n<div class=\"wp-block-image\">\n<figure class=\"alignright size-large is-resized\"><img loading=\"lazy\" decoding=\"async\" width=\"768\" height=\"1024\" src=\"https:\/\/ministerioradialadventista.com\/wp-content\/uploads\/2024\/06\/imresizer-1718490525813-768x1024.jpg\" alt=\"\" class=\"wp-image-113\" style=\"width:650px;height:auto\" srcset=\"https:\/\/ministerioradialadventista.com\/wp-content\/uploads\/2024\/06\/imresizer-1718490525813-768x1024.jpg 768w, https:\/\/ministerioradialadventista.com\/wp-content\/uploads\/2024\/06\/imresizer-1718490525813-225x300.jpg 225w, https:\/\/ministerioradialadventista.com\/wp-content\/uploads\/2024\/06\/imresizer-1718490525813-1152x1536.jpg 1152w, https:\/\/ministerioradialadventista.com\/wp-content\/uploads\/2024\/06\/imresizer-1718490525813-1536x2048.jpg 1536w, https:\/\/ministerioradialadventista.com\/wp-content\/uploads\/2024\/06\/imresizer-1718490525813-scaled.jpg 1920w\" sizes=\"auto, (max-width: 768px) 100vw, 768px\" \/><\/figure>\n<\/div><\/div><\/div>\n<\/div><\/div>\n<\/div><\/div>\n<\/div><\/div>\n<\/div>\n<\/div>\n<\/div><\/div>\n<\/div>\n<\/div>\n<\/div><\/div>\n","protected":false},"excerpt":{"rendered":"<p>Sobre Nosotros El Ministerio Radial Adventista fue creado por los Hermanos Jorge Centeno y Gregorio Gallegos con el unico propocito de exaltar a traves de la musica Cristiana el nombre de nuestro se\u00f1or Jesucristo Ayudanos a crecer baje y comparte nuestra aplicaci\u00f3n! Haga clic abajo para descargar! Instruye al ni\u00f1o en su camino, Y aun&#8230;<\/p>\n","protected":false},"author":1,"featured_media":0,"parent":0,"menu_order":0,"comment_status":"closed","ping_status":"closed","template":"","meta":{"_kad_post_transparent":"","_kad_post_title":"","_kad_post_layout":"","_kad_post_sidebar_id":"","_kad_post_content_style":"","_kad_post_vertical_padding":"","_kad_post_feature":"","_kad_post_feature_position":"","_kad_post_header":false,"_kad_post_footer":false,"footnotes":""},"class_list":["post-20","page","type-page","status-publish","hentry"],"_links":{"self":[{"href":"https:\/\/ministerioradialadventista.com\/index.php?rest_route=\/wp\/v2\/pages\/20","targetHints":{"allow":["GET"]}}],"collection":[{"href":"https:\/\/ministerioradialadventista.com\/index.php?rest_route=\/wp\/v2\/pages"}],"about":[{"href":"https:\/\/ministerioradialadventista.com\/index.php?rest_route=\/wp\/v2\/types\/page"}],"author":[{"embeddable":true,"href":"https:\/\/ministerioradialadventista.com\/index.php?rest_route=\/wp\/v2\/users\/1"}],"replies":[{"embeddable":true,"href":"https:\/\/ministerioradialadventista.com\/index.php?rest_route=%2Fwp%2Fv2%2Fcomments&post=20"}],"version-history":[{"count":20,"href":"https:\/\/ministerioradialadventista.com\/index.php?rest_route=\/wp\/v2\/pages\/20\/revisions"}],"predecessor-version":[{"id":128,"href":"https:\/\/ministerioradialadventista.com\/index.php?rest_route=\/wp\/v2\/pages\/20\/revisions\/128"}],"wp:attachment":[{"href":"https:\/\/ministerioradialadventista.com\/index.php?rest_route=%2Fwp%2Fv2%2Fmedia&parent=20"}],"curies":[{"name":"wp","href":"https:\/\/api.w.org\/{rel}","templated":true}]}}